{"id":15547,"date":"2017-07-31T14:41:52","date_gmt":"2017-07-31T12:41:52","guid":{"rendered":"http:\/\/maisongiusy.com\/dove-siamo\/"},"modified":"2017-08-21T15:46:10","modified_gmt":"2017-08-21T13:46:10","slug":"dove-siamo","status":"publish","type":"page","link":"https:\/\/www.maisongiusy.com\/fr\/dove-siamo\/","title":{"rendered":"O\u00f9 sommes-nous"},"content":{"rendered":"<p>[fusion_builder_container hundred_percent=&#8221;no&#8221; equal_height_columns=&#8221;no&#8221; menu_anchor=&#8221;&#8221; hide_on_mobile=&#8221;small-visibility,medium-visibility,large-visibility&#8221; class=&#8221;&#8221; id=&#8221;&#8221; background_color=&#8221;&#8221; background_image=&#8221;&#8221; background_position=&#8221;center center&#8221; background_repeat=&#8221;no-repeat&#8221; fade=&#8221;no&#8221; background_parallax=&#8221;none&#8221; enable_mobile=&#8221;no&#8221; parallax_speed=&#8221;0.3&#8243; video_mp4=&#8221;&#8221; video_webm=&#8221;&#8221; video_ogv=&#8221;&#8221; video_url=&#8221;&#8221; video_aspect_ratio=&#8221;16:9&#8243; video_loop=&#8221;yes&#8221; video_mute=&#8221;yes&#8221; video_preview_image=&#8221;&#8221; border_size=&#8221;&#8221; border_color=&#8221;&#8221; border_style=&#8221;solid&#8221; margin_top=&#8221;&#8221; margin_bottom=&#8221;&#8221; padding_top=&#8221;&#8221; padding_right=&#8221;&#8221; padding_bottom=&#8221;&#8221; padding_left=&#8221;&#8221;][fusion_builder_row][fusion_builder_column type=&#8221;1_1&#8243; layout=&#8221;1_1&#8243; spacing=&#8221;&#8221; center_content=&#8221;no&#8221; hover_type=&#8221;none&#8221; link=&#8221;&#8221; min_height=&#8221;&#8221; hide_on_mobile=&#8221;small-visibility,medium-visibility,large-visibility&#8221; class=&#8221;&#8221; id=&#8221;&#8221; background_color=&#8221;&#8221; background_image=&#8221;&#8221; background_position=&#8221;left top&#8221; background_repeat=&#8221;no-repeat&#8221; border_size=&#8221;0&#8243; border_color=&#8221;&#8221; border_style=&#8221;solid&#8221; border_position=&#8221;all&#8221; padding=&#8221;&#8221; dimension_margin=&#8221;&#8221; animation_type=&#8221;&#8221; animation_direction=&#8221;left&#8221; animation_speed=&#8221;0.3&#8243; animation_offset=&#8221;&#8221; last=&#8221;no&#8221;][\/fusion_builder_column][fusion_builder_column type=&#8221;1_1&#8243; layout=&#8221;1_1&#8243; spacing=&#8221;&#8221; center_content=&#8221;no&#8221; hover_type=&#8221;none&#8221; link=&#8221;&#8221; min_height=&#8221;&#8221; hide_on_mobile=&#8221;small-visibility,medium-visibility,large-visibility&#8221; class=&#8221;&#8221; id=&#8221;&#8221; background_color=&#8221;&#8221; background_image=&#8221;&#8221; background_position=&#8221;left top&#8221; background_repeat=&#8221;no-repeat&#8221; border_size=&#8221;0&#8243; border_color=&#8221;&#8221; border_style=&#8221;solid&#8221; border_position=&#8221;all&#8221; padding=&#8221;&#8221; dimension_margin=&#8221;&#8221; animation_type=&#8221;&#8221; animation_direction=&#8221;left&#8221; animation_speed=&#8221;0.3&#8243; animation_offset=&#8221;&#8221; last=&#8221;no&#8221;][fusion_map address=&#8221;Fondamenta dei Mori, 3357 30121 Venezia VE Italia&#8221; type=&#8221;roadmap&#8221; width=&#8221;1200&#8243; height=&#8221;600&#8243; zoom=&#8221;14&#8243; scrollwheel=&#8221;yes&#8221; scale=&#8221;yes&#8221; zoom_pancontrol=&#8221;yes&#8221; animation=&#8221;no&#8221; popup=&#8221;yes&#8221; map_style=&#8221;default&#8221; overlay_color=&#8221;&#8221; infobox_content=&#8221;&#8221; infobox=&#8221;default&#8221; infobox_text_color=&#8221;&#8221; infobox_background_color=&#8221;&#8221; icon=&#8221;&#8221; hide_on_mobile=&#8221;small-visibility,medium-visibility,large-visibility&#8221; class=&#8221;&#8221; id=&#8221;&#8221; \/][\/fusion_builder_column][\/fusion_builder_row][\/fusion_builder_container][fusion_builder_container hundred_percent=&#8221;no&#8221; equal_height_columns=&#8221;no&#8221; menu_anchor=&#8221;&#8221; hide_on_mobile=&#8221;small-visibility,medium-visibility,large-visibility&#8221; class=&#8221;&#8221; id=&#8221;&#8221; background_color=&#8221;&#8221; background_image=&#8221;&#8221; background_position=&#8221;center center&#8221; background_repeat=&#8221;no-repeat&#8221; fade=&#8221;no&#8221; background_parallax=&#8221;none&#8221; enable_mobile=&#8221;no&#8221; parallax_speed=&#8221;0.3&#8243; video_mp4=&#8221;&#8221; video_webm=&#8221;&#8221; video_ogv=&#8221;&#8221; video_url=&#8221;&#8221; video_aspect_ratio=&#8221;16:9&#8243; video_loop=&#8221;yes&#8221; video_mute=&#8221;yes&#8221; video_preview_image=&#8221;&#8221; border_size=&#8221;&#8221; border_color=&#8221;&#8221; border_style=&#8221;solid&#8221; margin_top=&#8221;&#8221; margin_bottom=&#8221;&#8221; padding_top=&#8221;&#8221; padding_right=&#8221;&#8221; padding_bottom=&#8221;&#8221; padding_left=&#8221;&#8221;][fusion_builder_row][fusion_builder_column type=&#8221;1_1&#8243; layout=&#8221;1_1&#8243; spacing=&#8221;&#8221; center_content=&#8221;no&#8221; hover_type=&#8221;none&#8221; link=&#8221;&#8221; min_height=&#8221;&#8221; hide_on_mobile=&#8221;small-visibility,medium-visibility,large-visibility&#8221; class=&#8221;&#8221; id=&#8221;&#8221; background_color=&#8221;&#8221; background_image=&#8221;&#8221; background_position=&#8221;left top&#8221; background_repeat=&#8221;no-repeat&#8221; border_size=&#8221;0&#8243; border_color=&#8221;&#8221; border_style=&#8221;solid&#8221; border_position=&#8221;all&#8221; padding=&#8221;&#8221; dimension_margin=&#8221;&#8221; animation_type=&#8221;&#8221; animation_direction=&#8221;left&#8221; animation_speed=&#8221;0.3&#8243; animation_offset=&#8221;&#8221; last=&#8221;no&#8221;][fusion_text]<\/p>\n<div><span id=\"noHighlight_0.8715534903211932\">L&#8217;appartement &#8220;maison Giusy&#8221; est situ\u00e9 au coeur de l&#8217;un des V\u00e9nitiens, dans le sestiere de Cannaregio, pr\u00e8s du Campo dei Mori, \u00e0 quelques pas de la maison de Tintoret et de l&#8217;\u00e9glise de Madonna Orto.<\/span><\/div>\n<div><span id=\"noHighlight_0.7272144984449116\">En plus d&#8217;\u00eatre commode \u00e0 Santa Lucia station, ils sont \u00e0 port\u00e9e de main facile<\/span><\/div>\n<div><span id=\"noHighlight_0.21639404784264027\">En 5 minutes \u00e0 pied de la c\u00e9l\u00e8bre et peupl\u00e9e nouvelle rue pleine de bars et de magasins<\/span><\/div>\n<div><span id=\"noHighlight_0.23079697469719163\">Pour le shopping et beaucoup d&#8217;autres lieux d&#8217;int\u00e9r\u00eat dans la ville.<\/span><\/div>\n<div><span id=\"noHighlight_0.09740439669642553\">Parmi les plus importants sont:<\/span><\/div>\n<div><span id=\"noHighlight_0.7357174349255293\">L&#8217;\u00e9glise de Santa Maria dei Miracoli,<\/span><\/div>\n<div><span id=\"noHighlight_0.5588425193261302\">Surtout<\/span><\/div>\n<div><span id=\"noHighlight_0.8442230103714996\">Parce que d\u00e9cor\u00e9 avec des images de sir\u00e8nes,<\/span><\/div>\n<div><span id=\"noHighlight_0.8151231145385214\">Au lieu d&#8217;images traditionnelles<\/span><\/div>\n<div><span id=\"noHighlight_0.9412016926879967\">Religieux;<\/span><\/div>\n<div><span id=\"noHighlight_0.3118439583202257\">La belle \u00e9glise de Madonna Orto, avec des peintures de Titien en l&#8217;honneur<\/span><\/div>\n<div><span id=\"noHighlight_0.31915255634907\">d&#8217;une image miraculeuse de la Madone et l&#8217;enfant trouv\u00e9, comme le dit la l\u00e9gende, dans un jardin voisin (maintenant pr\u00e9serv\u00e9 \u00e0 la chapelle de San Mauro).<\/span><\/div>\n<div><span id=\"noHighlight_0.40668759135099597\">L&#8217;\u00e9glise des Carmes des pieds nus, qui recueille des peintures de Tiepolo et a \u00e9t\u00e9 d\u00e9truite par une bombe pendant la guerre.<\/span><\/div>\n<div><span id=\"noHighlight_0.9573568940058612\">Il fait partie de Cannaregio aussi le ghetto, quartier juif.<\/span><\/div>\n<div><span id=\"noHighlight_0.6162588186730915\">Consid\u00e9r\u00e9 comme l&#8217;un des domaines les plus importants<\/span><\/div>\n<div><span id=\"noHighlight_0.845753897722862\">De la perspective historique de la ville,<\/span><\/div>\n<div><span id=\"noHighlight_0.42844545970400505\">C&#8217;est souvent une destination pour les voyages culturels et \u00e9ducatifs.<\/span><\/div>\n<div><span id=\"noHighlight_0.2788177234746445\">Le sestiere de Cannaregio \u00e0 bien des \u00e9gards, se r\u00e9v\u00e8le \u00eatre la partie la plus calme et v\u00e9nitienne de la ville.<\/span><\/div>\n<p>[\/fusion_text][\/fusion_builder_column][\/fusion_builder_row][\/fusion_builder_container]<\/p>\n","protected":false},"excerpt":{"rendered":"<p>[fusion_builder_container hundred_percent=&#8221;no&#8221; equal_height_columns=&#8221;no&#8221; menu_anchor=&#8221;&#8221; hide_on_mobile=&#8221;small-visibility,medium-visibility,large-visibility&#8221; class=&#8221;&#8221; id=&#8221;&#8221; background_color=&#8221;&#8221; background_image=&#8221;&#8221; background_position=&#8221;center center&#8221; background_repeat=&#8221;no-repeat&#8221; fade=&#8221;no&#8221; background_parallax=&#8221;none&#8221; enable_mobile=&#8221;no&#8221; parallax_speed=&#8221;0.3&#8243; video_mp4=&#8221;&#8221; video_webm=&#8221;&#8221; video_ogv=&#8221;&#8221; video_url=&#8221;&#8221; video_aspect_ratio=&#8221;16:9&#8243; video_loop=&#8221;yes&#8221; video_mute=&#8221;yes&#8221; video_preview_image=&#8221;&#8221; border_size=&#8221;&#8221; border_color=&#8221;&#8221; border_style=&#8221;solid&#8221; margin_top=&#8221;&#8221; margin_bottom=&#8221;&#8221; padding_top=&#8221;&#8221; padding_right=&#8221;&#8221; padding_bottom=&#8221;&#8221; padding_left=&#8221;&#8221;][fusion_builder_row][fusion_builder_column type=&#8221;1_1&#8243; layout=&#8221;1_1&#8243; spacing=&#8221;&#8221; center_content=&#8221;no&#8221; hover_type=&#8221;none&#8221; link=&#8221;&#8221; min_height=&#8221;&#8221; hide_on_mobile=&#8221;small-visibility,medium-visibility,large-visibility&#8221; class=&#8221;&#8221; id=&#8221;&#8221; background_color=&#8221;&#8221; background_image=&#8221;&#8221; background_position=&#8221;left top&#8221; background_repeat=&#8221;no-repeat&#8221; border_size=&#8221;0&#8243; border_color=&#8221;&#8221; border_style=&#8221;solid&#8221; border_position=&#8221;all&#8221; padding=&#8221;&#8221; dimension_margin=&#8221;&#8221; animation_type=&#8221;&#8221; [&hellip;]<\/p>\n","protected":false},"author":1,"featured_media":0,"parent":0,"menu_order":0,"comment_status":"closed","ping_status":"closed","template":"","meta":{"footnotes":""},"_links":{"self":[{"href":"https:\/\/www.maisongiusy.com\/fr\/wp-json\/wp\/v2\/pages\/15547"}],"collection":[{"href":"https:\/\/www.maisongiusy.com\/fr\/wp-json\/wp\/v2\/pages"}],"about":[{"href":"https:\/\/www.maisongiusy.com\/fr\/wp-json\/wp\/v2\/types\/page"}],"author":[{"embeddable":true,"href":"https:\/\/www.maisongiusy.com\/fr\/wp-json\/wp\/v2\/users\/1"}],"replies":[{"embeddable":true,"href":"https:\/\/www.maisongiusy.com\/fr\/wp-json\/wp\/v2\/comments?post=15547"}],"version-history":[{"count":2,"href":"https:\/\/www.maisongiusy.com\/fr\/wp-json\/wp\/v2\/pages\/15547\/revisions"}],"predecessor-version":[{"id":15557,"href":"https:\/\/www.maisongiusy.com\/fr\/wp-json\/wp\/v2\/pages\/15547\/revisions\/15557"}],"wp:attachment":[{"href":"https:\/\/www.maisongiusy.com\/fr\/wp-json\/wp\/v2\/media?parent=15547"}],"curies":[{"name":"wp","href":"https:\/\/api.w.org\/{rel}","templated":true}]}}